{"id":338,"date":"2018-11-03T14:31:30","date_gmt":"2018-11-03T13:31:30","guid":{"rendered":"http:\/\/optimumbroker.pl\/?page_id=338"},"modified":"2019-03-04T10:01:25","modified_gmt":"2019-03-04T09:01:25","slug":"ubezpieczenia-2","status":"publish","type":"page","link":"http:\/\/optimumbroker.pl\/?page_id=338","title":{"rendered":"Obs\u0142uga Ubezpiecze\u0144"},"content":{"rendered":"\t\t<div data-elementor-type=\"wp-post\" data-elementor-id=\"338\" class=\"elementor elementor-338 elementor-bc-flex-widget\">\n\t\t\t\t\t\t<section class=\"elementor-section elementor-top-section elementor-element elementor-element-5bb83de elementor-section-full_width elementor-section-height-min-height elementor-section-height-default elementor-section-items-middle\" data-id=\"5bb83de\" data-element_type=\"section\" data-settings=\"{&quot;background_background&quot;:&quot;classic&quot;}\">\n\t\t\t\t\t\t<div class=\"elementor-container elementor-column-gap-default\">\n\t\t\t\t\t<div class=\"elementor-column elementor-col-100 elementor-top-column elementor-element elementor-element-61724d8\" data-id=\"61724d8\" data-element_type=\"column\">\n\t\t\t<div class=\"elementor-widget-wrap elementor-element-populated\">\n\t\t\t\t\t\t<div class=\"elementor-element elementor-element-f6b81dd elementor-invisible elementor-widget elementor-widget-heading\" data-id=\"f6b81dd\" data-element_type=\"widget\" data-settings=\"{&quot;_animation&quot;:&quot;zoomIn&quot;}\" data-widget_type=\"heading.default\">\n\t\t\t\t<div class=\"elementor-widget-container\">\n\t\t\t\t\t<h2 class=\"elementor-heading-title elementor-size-default\">Tel. 668 242 840<\/h2>\t\t\t\t<\/div>\n\t\t\t\t<\/div>\n\t\t\t\t\t<\/div>\n\t\t<\/div>\n\t\t\t\t\t<\/div>\n\t\t<\/section>\n\t\t\t\t<section class=\"elementor-section elementor-top-section elementor-element elementor-element-608b34b elementor-section-boxed elementor-section-height-default elementor-section-height-default\" data-id=\"608b34b\" data-element_type=\"section\">\n\t\t\t\t\t\t<div class=\"elementor-container elementor-column-gap-default\">\n\t\t\t\t\t<div class=\"elementor-column elementor-col-100 elementor-top-column elementor-element elementor-element-1f00ad1\" data-id=\"1f00ad1\" data-element_type=\"column\">\n\t\t\t<div class=\"elementor-widget-wrap elementor-element-populated\">\n\t\t\t\t\t\t<div class=\"elementor-element elementor-element-95fdb40 elementor-widget elementor-widget-image\" data-id=\"95fdb40\" data-element_type=\"widget\" data-widget_type=\"image.default\">\n\t\t\t\t<div class=\"elementor-widget-container\">\n\t\t\t\t\t\t\t\t\t\t\t\t\t\t\t<img decoding=\"async\" src=\"http:\/\/optimumbroker.pl\/wp-content\/uploads\/elementor\/thumbs\/t\u0142o-o30uh5cb9t88175momsezk3q0g9muw8rehxcnui85s.png\" title=\"t\u0142o\" alt=\"t\u0142o\" loading=\"lazy\" \/>\t\t\t\t\t\t\t\t\t\t\t\t\t\t\t<\/div>\n\t\t\t\t<\/div>\n\t\t\t\t\t<\/div>\n\t\t<\/div>\n\t\t\t\t\t<\/div>\n\t\t<\/section>\n\t\t\t\t<section class=\"elementor-section elementor-top-section elementor-element elementor-element-dad5798 elementor-section-boxed elementor-section-height-default elementor-section-height-default\" data-id=\"dad5798\" data-element_type=\"section\">\n\t\t\t\t\t\t<div class=\"elementor-container elementor-column-gap-default\">\n\t\t\t\t\t<div class=\"elementor-column elementor-col-100 elementor-top-column elementor-element elementor-element-041d6dd\" data-id=\"041d6dd\" data-element_type=\"column\">\n\t\t\t<div class=\"elementor-widget-wrap elementor-element-populated\">\n\t\t\t\t\t\t<div class=\"elementor-element elementor-element-6d7e61a elementor-widget elementor-widget-image\" data-id=\"6d7e61a\" data-element_type=\"widget\" data-widget_type=\"image.default\">\n\t\t\t\t<div class=\"elementor-widget-container\">\n\t\t\t\t\t\t\t\t\t\t\t\t\t\t\t<img decoding=\"async\" width=\"300\" height=\"156\" src=\"http:\/\/optimumbroker.pl\/wp-content\/uploads\/2019\/01\/broker-optimum_-2-300x156.jpg\" class=\"attachment-medium size-medium wp-image-1067\" alt=\"\" srcset=\"http:\/\/optimumbroker.pl\/wp-content\/uploads\/2019\/01\/broker-optimum_-2-300x156.jpg 300w, http:\/\/optimumbroker.pl\/wp-content\/uploads\/2019\/01\/broker-optimum_-2-768x400.jpg 768w, http:\/\/optimumbroker.pl\/wp-content\/uploads\/2019\/01\/broker-optimum_-2.jpg 999w\" sizes=\"(max-width: 300px) 100vw, 300px\" \/>\t\t\t\t\t\t\t\t\t\t\t\t\t\t\t<\/div>\n\t\t\t\t<\/div>\n\t\t\t\t\t<\/div>\n\t\t<\/div>\n\t\t\t\t\t<\/div>\n\t\t<\/section>\n\t\t\t\t<section class=\"elementor-section elementor-top-section elementor-element elementor-element-0a7c357 elementor-section-boxed elementor-section-height-default elementor-section-height-default\" data-id=\"0a7c357\" data-element_type=\"section\">\n\t\t\t\t\t\t<div class=\"elementor-container elementor-column-gap-default\">\n\t\t\t\t\t<div class=\"elementor-column elementor-col-100 elementor-top-column elementor-element elementor-element-942bfd2\" data-id=\"942bfd2\" data-element_type=\"column\">\n\t\t\t<div class=\"elementor-widget-wrap elementor-element-populated\">\n\t\t\t\t\t\t<div class=\"elementor-element elementor-element-c6400f3 elementor-widget-divider--view-line elementor-widget elementor-widget-divider\" data-id=\"c6400f3\" data-element_type=\"widget\" data-widget_type=\"divider.default\">\n\t\t\t\t<div class=\"elementor-widget-container\">\n\t\t\t\t\t\t\t<div class=\"elementor-divider\">\n\t\t\t<span class=\"elementor-divider-separator\">\n\t\t\t\t\t\t<\/span>\n\t\t<\/div>\n\t\t\t\t\t\t<\/div>\n\t\t\t\t<\/div>\n\t\t\t\t\t<\/div>\n\t\t<\/div>\n\t\t\t\t\t<\/div>\n\t\t<\/section>\n\t\t\t\t<section class=\"elementor-section elementor-top-section elementor-element elementor-element-39f45f5 elementor-section-boxed elementor-section-height-default elementor-section-height-default\" data-id=\"39f45f5\" data-element_type=\"section\">\n\t\t\t\t\t\t<div class=\"elementor-container elementor-column-gap-default\">\n\t\t\t\t\t<div class=\"elementor-column elementor-col-100 elementor-top-column elementor-element elementor-element-6c30216\" data-id=\"6c30216\" data-element_type=\"column\">\n\t\t\t<div class=\"elementor-widget-wrap elementor-element-populated\">\n\t\t\t\t\t\t<div class=\"elementor-element elementor-element-90aadd1 elementor-widget elementor-widget-heading\" data-id=\"90aadd1\" data-element_type=\"widget\" data-widget_type=\"heading.default\">\n\t\t\t\t<div class=\"elementor-widget-container\">\n\t\t\t\t\t<h2 class=\"elementor-heading-title elementor-size-default\">OBS\u0141UGA UBEZPIECZE\u0143<\/h2>\t\t\t\t<\/div>\n\t\t\t\t<\/div>\n\t\t\t\t\t<\/div>\n\t\t<\/div>\n\t\t\t\t\t<\/div>\n\t\t<\/section>\n\t\t\t\t<section class=\"elementor-section elementor-top-section elementor-element elementor-element-be93d9b elementor-section-boxed elementor-section-height-default elementor-section-height-default\" data-id=\"be93d9b\" data-element_type=\"section\">\n\t\t\t\t\t\t<div class=\"elementor-container elementor-column-gap-default\">\n\t\t\t\t\t<div class=\"elementor-column elementor-col-100 elementor-top-column elementor-element elementor-element-9f6ef53\" data-id=\"9f6ef53\" data-element_type=\"column\">\n\t\t\t<div class=\"elementor-widget-wrap elementor-element-populated\">\n\t\t\t\t\t\t<div class=\"elementor-element elementor-element-7bcf286 elementor-widget elementor-widget-text-editor\" data-id=\"7bcf286\" data-element_type=\"widget\" data-widget_type=\"text-editor.default\">\n\t\t\t\t<div class=\"elementor-widget-container\">\n\t\t\t\t\t\t\t\t\t<p lang=\"pl-PL\" align=\"JUSTIFY\">Mamy wypracowany model obs\u0142ugi brokerskiej, dzi\u0119ki kt\u00f3remu wsp\u00f3\u0142praca z nami jest <strong>przewidywalna i prosta<\/strong>.<\/p><p lang=\"pl-PL\" align=\"JUSTIFY\">Wyr\u00f3\u017cniamy podstawowe etapy:<\/p><p lang=\"pl-PL\" align=\"JUSTIFY\">I. <b>Otrzymanie<\/b> <b>pe\u0142nomocnictwa<\/b> \u2013 broker dzia\u0142a w imieniu i na rzecz Klienta na podstawie udzielonego pe\u0142nomocnictwa,<\/p><p lang=\"pl-PL\" align=\"JUSTIFY\">II. <strong>Analiza potrzeb<\/strong> oraz <b>zebranie<\/b> <b>danych<\/b> do ubezpieczenia \u2013 to jest baza informacji, na kt\u00f3rej okre\u015bla si\u0119 m.in. przedmiot i zakres ubezpieczenia,<\/p><p lang=\"pl-PL\" align=\"JUSTIFY\">III. <b>Audyt<\/b> ubezpieczeniowy \u2013 audyt przygotowujemy zwykle na pocz\u0105tku wsp\u00f3\u0142pracy, aby okre\u015bli\u0107 aktualny stan posiadanej ochrony,<\/p><p lang=\"pl-PL\" align=\"JUSTIFY\">IV. <strong>Procedura<\/strong> <b>zapytania ofertowego<\/b> do TU \u2013 wraz z ko\u0144cem polisy podejmujemy czynno\u015bci zmierzaj\u0105ce do wynegocjowania mo\u017cliwie najkorzystniejszych warunk\u00f3w ubezpieczenia na kolejny rok ubezpieczeniowy,<\/p><p lang=\"pl-PL\" align=\"JUSTIFY\">V. <b>Rekomendacja<\/b> jednej z ofert\u00a0 \u2013 wskazujemy, kt\u00f3ra z ofert jest dla Was najkorzystniejsza i wyja\u015bniamy najistotniejsze kwestie,<\/p><p lang=\"pl-PL\" align=\"JUSTIFY\">VI. <b>Administracja<\/b> <strong>ubezpiecze\u0144<\/strong> \u2013 w ramach wsp\u00f3\u0142pracy przejmujemy na siebie wszelkie czynno\u015bci zwi\u0105zane z obs\u0142ug\u0105 ubezpiecze\u0144 m.in. aneksy do polis, cesje, doubezpieczenia,<\/p><p lang=\"pl-PL\" align=\"JUSTIFY\">VII. <b>Likwidacja szk\u00f3d<\/b> \u2013 likwidacj\u0119 zg\u0142oszonych szk\u00f3d prowadzimy od otrzymania informacji o szkodzie do czasu wyp\u0142aty odszkodowania przez Ubezpieczyciela.<\/p>\t\t\t\t\t\t\t\t<\/div>\n\t\t\t\t<\/div>\n\t\t\t\t\t<\/div>\n\t\t<\/div>\n\t\t\t\t\t<\/div>\n\t\t<\/section>\n\t\t\t\t<\/div>\n\t\t","protected":false},"excerpt":{"rendered":"<p>Tel. 668 242 840 OBS\u0141UGA UBEZPIECZE\u0143 Mamy wypracowany model obs\u0142ugi brokerskiej, dzi\u0119ki kt\u00f3remu wsp\u00f3\u0142praca z nami jest przewidywalna i prosta. Wyr\u00f3\u017cniamy podstawowe etapy: I. Otrzymanie pe\u0142nomocnictwa \u2013 broker dzia\u0142a w imieniu i na rzecz Klienta na podstawie udzielonego pe\u0142nomocnictwa, II. Analiza potrzeb oraz zebranie danych do ubezpieczenia \u2013 to jest baza informacji, na kt\u00f3rej okre\u015bla [&hellip;]<\/p>\n","protected":false},"author":1,"featured_media":0,"parent":0,"menu_order":0,"comment_status":"closed","ping_status":"closed","template":"","meta":{"ocean_post_layout":"full-screen","ocean_both_sidebars_style":"","ocean_both_sidebars_content_width":0,"ocean_both_sidebars_sidebars_width":0,"ocean_sidebar":"0","ocean_second_sidebar":"0","ocean_disable_margins":"on","ocean_add_body_class":"","ocean_shortcode_before_top_bar":"","ocean_shortcode_after_top_bar":"","ocean_shortcode_before_header":"","ocean_shortcode_after_header":"","ocean_has_shortcode":"","ocean_shortcode_after_title":"","ocean_shortcode_before_footer_widgets":"","ocean_shortcode_after_footer_widgets":"","ocean_shortcode_before_footer_bottom":"","ocean_shortcode_after_footer_bottom":"","ocean_display_top_bar":"off","ocean_display_header":"on","ocean_header_style":"","ocean_center_header_left_menu":"0","ocean_custom_header_template":"0","ocean_custom_logo":0,"ocean_custom_retina_logo":0,"ocean_custom_logo_max_width":0,"ocean_custom_logo_tablet_max_width":0,"ocean_custom_logo_mobile_max_width":0,"ocean_custom_logo_max_height":0,"ocean_custom_logo_tablet_max_height":0,"ocean_custom_logo_mobile_max_height":0,"ocean_header_custom_menu":"0","ocean_menu_typo_font_family":"0","ocean_menu_typo_font_subset":"","ocean_menu_typo_font_size":0,"ocean_menu_typo_font_size_tablet":0,"ocean_menu_typo_font_size_mobile":0,"ocean_menu_typo_font_size_unit":"px","ocean_menu_typo_font_weight":"","ocean_menu_typo_font_weight_tablet":"","ocean_menu_typo_font_weight_mobile":"","ocean_menu_typo_transform":"","ocean_menu_typo_transform_tablet":"","ocean_menu_typo_transform_mobile":"","ocean_menu_typo_line_height":0,"ocean_menu_typo_line_height_tablet":0,"ocean_menu_typo_line_height_mobile":0,"ocean_menu_typo_line_height_unit":"","ocean_menu_typo_spacing":0,"ocean_menu_typo_spacing_tablet":0,"ocean_menu_typo_spacing_mobile":0,"ocean_menu_typo_spacing_unit":"","ocean_menu_link_color":"","ocean_menu_link_color_hover":"","ocean_menu_link_color_active":"","ocean_menu_link_background":"","ocean_menu_link_hover_background":"","ocean_menu_link_active_background":"","ocean_menu_social_links_bg":"","ocean_menu_social_hover_links_bg":"","ocean_menu_social_links_color":"","ocean_menu_social_hover_links_color":"","ocean_disable_title":"on","ocean_disable_heading":"default","ocean_post_title":"","ocean_post_subheading":"","ocean_post_title_style":"","ocean_post_title_background_color":"","ocean_post_title_background":0,"ocean_post_title_bg_image_position":"","ocean_post_title_bg_image_attachment":"","ocean_post_title_bg_image_repeat":"","ocean_post_title_bg_image_size":"","ocean_post_title_height":0,"ocean_post_title_bg_overlay":0.5,"ocean_post_title_bg_overlay_color":"","ocean_disable_breadcrumbs":"default","ocean_breadcrumbs_color":"","ocean_breadcrumbs_separator_color":"","ocean_breadcrumbs_links_color":"","ocean_breadcrumbs_links_hover_color":"","ocean_display_footer_widgets":"default","ocean_display_footer_bottom":"default","ocean_custom_footer_template":"0","footnotes":""},"class_list":["post-338","page","type-page","status-publish","hentry","entry"],"yoast_head":"<!-- This site is optimized with the Yoast SEO plugin v25.5 - https:\/\/yoast.com\/wordpress\/plugins\/seo\/ -->\n<title>Obs\u0142uga Ubezpiecze\u0144 - Ubezpieczenie przedsi\u0119biorstw. Firma bez ryzyka. Zabezpieczenie mienia i OC dzia\u0142alno\u015bci.<\/title>\n<meta name=\"robots\" content=\"index, follow, max-snippet:-1, max-image-preview:large, max-video-preview:-1\" \/>\n<link rel=\"canonical\" href=\"https:\/\/optimumbroker.pl\/?page_id=338\" \/>\n<meta property=\"og:locale\" content=\"pl_PL\" \/>\n<meta property=\"og:type\" content=\"article\" \/>\n<meta property=\"og:title\" content=\"Obs\u0142uga Ubezpiecze\u0144 - Ubezpieczenie przedsi\u0119biorstw. Firma bez ryzyka. Zabezpieczenie mienia i OC dzia\u0142alno\u015bci.\" \/>\n<meta property=\"og:description\" content=\"Tel. 668 242 840 OBS\u0141UGA UBEZPIECZE\u0143 Mamy wypracowany model obs\u0142ugi brokerskiej, dzi\u0119ki kt\u00f3remu wsp\u00f3\u0142praca z nami jest przewidywalna i prosta. Wyr\u00f3\u017cniamy podstawowe etapy: I. Otrzymanie pe\u0142nomocnictwa \u2013 broker dzia\u0142a w imieniu i na rzecz Klienta na podstawie udzielonego pe\u0142nomocnictwa, II. Analiza potrzeb oraz zebranie danych do ubezpieczenia \u2013 to jest baza informacji, na kt\u00f3rej okre\u015bla [&hellip;]\" \/>\n<meta property=\"og:url\" content=\"https:\/\/optimumbroker.pl\/?page_id=338\" \/>\n<meta property=\"og:site_name\" content=\"Ubezpieczenie przedsi\u0119biorstw. Firma bez ryzyka. Zabezpieczenie mienia i OC dzia\u0142alno\u015bci.\" \/>\n<meta property=\"article:modified_time\" content=\"2019-03-04T09:01:25+00:00\" \/>\n<meta property=\"og:image\" content=\"http:\/\/optimumbroker.pl\/wp-content\/uploads\/2019\/01\/broker-optimum_-2-300x156.jpg\" \/>\n<meta name=\"twitter:card\" content=\"summary_large_image\" \/>\n<meta name=\"twitter:label1\" content=\"Szacowany czas czytania\" \/>\n\t<meta name=\"twitter:data1\" content=\"1 minuta\" \/>\n<script type=\"application\/ld+json\" class=\"yoast-schema-graph\">{\"@context\":\"https:\/\/schema.org\",\"@graph\":[{\"@type\":\"WebPage\",\"@id\":\"https:\/\/optimumbroker.pl\/?page_id=338\",\"url\":\"https:\/\/optimumbroker.pl\/?page_id=338\",\"name\":\"Obs\u0142uga Ubezpiecze\u0144 - Ubezpieczenie przedsi\u0119biorstw. Firma bez ryzyka. Zabezpieczenie mienia i OC dzia\u0142alno\u015bci.\",\"isPartOf\":{\"@id\":\"https:\/\/optimumbroker.pl\/#website\"},\"primaryImageOfPage\":{\"@id\":\"https:\/\/optimumbroker.pl\/?page_id=338#primaryimage\"},\"image\":{\"@id\":\"https:\/\/optimumbroker.pl\/?page_id=338#primaryimage\"},\"thumbnailUrl\":\"http:\/\/optimumbroker.pl\/wp-content\/uploads\/2019\/01\/broker-optimum_-2-300x156.jpg\",\"datePublished\":\"2018-11-03T13:31:30+00:00\",\"dateModified\":\"2019-03-04T09:01:25+00:00\",\"breadcrumb\":{\"@id\":\"https:\/\/optimumbroker.pl\/?page_id=338#breadcrumb\"},\"inLanguage\":\"pl-PL\",\"potentialAction\":[{\"@type\":\"ReadAction\",\"target\":[\"https:\/\/optimumbroker.pl\/?page_id=338\"]}]},{\"@type\":\"ImageObject\",\"inLanguage\":\"pl-PL\",\"@id\":\"https:\/\/optimumbroker.pl\/?page_id=338#primaryimage\",\"url\":\"http:\/\/optimumbroker.pl\/wp-content\/uploads\/2019\/01\/broker-optimum_-2.jpg\",\"contentUrl\":\"http:\/\/optimumbroker.pl\/wp-content\/uploads\/2019\/01\/broker-optimum_-2.jpg\",\"width\":999,\"height\":520},{\"@type\":\"BreadcrumbList\",\"@id\":\"https:\/\/optimumbroker.pl\/?page_id=338#breadcrumb\",\"itemListElement\":[{\"@type\":\"ListItem\",\"position\":1,\"name\":\"Strona g\u0142\u00f3wna\",\"item\":\"https:\/\/optimumbroker.pl\/\"},{\"@type\":\"ListItem\",\"position\":2,\"name\":\"Obs\u0142uga Ubezpiecze\u0144\"}]},{\"@type\":\"WebSite\",\"@id\":\"https:\/\/optimumbroker.pl\/#website\",\"url\":\"https:\/\/optimumbroker.pl\/\",\"name\":\"Ubezpieczenie przedsi\u0119biorstw. Firma bez ryzyka. Zabezpieczenie mienia i OC dzia\u0142alno\u015bci.\",\"description\":\"Ubezpieczenie przedsi\u0119biorstw. Firma bez ryzyka. Zabezpieczenie mienia i OC dzia\u0142alno\u015bci.\",\"potentialAction\":[{\"@type\":\"SearchAction\",\"target\":{\"@type\":\"EntryPoint\",\"urlTemplate\":\"https:\/\/optimumbroker.pl\/?s={search_term_string}\"},\"query-input\":{\"@type\":\"PropertyValueSpecification\",\"valueRequired\":true,\"valueName\":\"search_term_string\"}}],\"inLanguage\":\"pl-PL\"}]}<\/script>\n<!-- \/ Yoast SEO plugin. -->","yoast_head_json":{"title":"Obs\u0142uga Ubezpiecze\u0144 - Ubezpieczenie przedsi\u0119biorstw. Firma bez ryzyka. Zabezpieczenie mienia i OC dzia\u0142alno\u015bci.","robots":{"index":"index","follow":"follow","max-snippet":"max-snippet:-1","max-image-preview":"max-image-preview:large","max-video-preview":"max-video-preview:-1"},"canonical":"https:\/\/optimumbroker.pl\/?page_id=338","og_locale":"pl_PL","og_type":"article","og_title":"Obs\u0142uga Ubezpiecze\u0144 - Ubezpieczenie przedsi\u0119biorstw. Firma bez ryzyka. Zabezpieczenie mienia i OC dzia\u0142alno\u015bci.","og_description":"Tel. 668 242 840 OBS\u0141UGA UBEZPIECZE\u0143 Mamy wypracowany model obs\u0142ugi brokerskiej, dzi\u0119ki kt\u00f3remu wsp\u00f3\u0142praca z nami jest przewidywalna i prosta. Wyr\u00f3\u017cniamy podstawowe etapy: I. Otrzymanie pe\u0142nomocnictwa \u2013 broker dzia\u0142a w imieniu i na rzecz Klienta na podstawie udzielonego pe\u0142nomocnictwa, II. Analiza potrzeb oraz zebranie danych do ubezpieczenia \u2013 to jest baza informacji, na kt\u00f3rej okre\u015bla [&hellip;]","og_url":"https:\/\/optimumbroker.pl\/?page_id=338","og_site_name":"Ubezpieczenie przedsi\u0119biorstw. Firma bez ryzyka. Zabezpieczenie mienia i OC dzia\u0142alno\u015bci.","article_modified_time":"2019-03-04T09:01:25+00:00","og_image":[{"url":"http:\/\/optimumbroker.pl\/wp-content\/uploads\/2019\/01\/broker-optimum_-2-300x156.jpg","type":"","width":"","height":""}],"twitter_card":"summary_large_image","twitter_misc":{"Szacowany czas czytania":"1 minuta"},"schema":{"@context":"https:\/\/schema.org","@graph":[{"@type":"WebPage","@id":"https:\/\/optimumbroker.pl\/?page_id=338","url":"https:\/\/optimumbroker.pl\/?page_id=338","name":"Obs\u0142uga Ubezpiecze\u0144 - Ubezpieczenie przedsi\u0119biorstw. Firma bez ryzyka. Zabezpieczenie mienia i OC dzia\u0142alno\u015bci.","isPartOf":{"@id":"https:\/\/optimumbroker.pl\/#website"},"primaryImageOfPage":{"@id":"https:\/\/optimumbroker.pl\/?page_id=338#primaryimage"},"image":{"@id":"https:\/\/optimumbroker.pl\/?page_id=338#primaryimage"},"thumbnailUrl":"http:\/\/optimumbroker.pl\/wp-content\/uploads\/2019\/01\/broker-optimum_-2-300x156.jpg","datePublished":"2018-11-03T13:31:30+00:00","dateModified":"2019-03-04T09:01:25+00:00","breadcrumb":{"@id":"https:\/\/optimumbroker.pl\/?page_id=338#breadcrumb"},"inLanguage":"pl-PL","potentialAction":[{"@type":"ReadAction","target":["https:\/\/optimumbroker.pl\/?page_id=338"]}]},{"@type":"ImageObject","inLanguage":"pl-PL","@id":"https:\/\/optimumbroker.pl\/?page_id=338#primaryimage","url":"http:\/\/optimumbroker.pl\/wp-content\/uploads\/2019\/01\/broker-optimum_-2.jpg","contentUrl":"http:\/\/optimumbroker.pl\/wp-content\/uploads\/2019\/01\/broker-optimum_-2.jpg","width":999,"height":520},{"@type":"BreadcrumbList","@id":"https:\/\/optimumbroker.pl\/?page_id=338#breadcrumb","itemListElement":[{"@type":"ListItem","position":1,"name":"Strona g\u0142\u00f3wna","item":"https:\/\/optimumbroker.pl\/"},{"@type":"ListItem","position":2,"name":"Obs\u0142uga Ubezpiecze\u0144"}]},{"@type":"WebSite","@id":"https:\/\/optimumbroker.pl\/#website","url":"https:\/\/optimumbroker.pl\/","name":"Ubezpieczenie przedsi\u0119biorstw. Firma bez ryzyka. Zabezpieczenie mienia i OC dzia\u0142alno\u015bci.","description":"Ubezpieczenie przedsi\u0119biorstw. Firma bez ryzyka. Zabezpieczenie mienia i OC dzia\u0142alno\u015bci.","potentialAction":[{"@type":"SearchAction","target":{"@type":"EntryPoint","urlTemplate":"https:\/\/optimumbroker.pl\/?s={search_term_string}"},"query-input":{"@type":"PropertyValueSpecification","valueRequired":true,"valueName":"search_term_string"}}],"inLanguage":"pl-PL"}]}},"_links":{"self":[{"href":"http:\/\/optimumbroker.pl\/index.php?rest_route=\/wp\/v2\/pages\/338","targetHints":{"allow":["GET"]}}],"collection":[{"href":"http:\/\/optimumbroker.pl\/index.php?rest_route=\/wp\/v2\/pages"}],"about":[{"href":"http:\/\/optimumbroker.pl\/index.php?rest_route=\/wp\/v2\/types\/page"}],"author":[{"embeddable":true,"href":"http:\/\/optimumbroker.pl\/index.php?rest_route=\/wp\/v2\/users\/1"}],"replies":[{"embeddable":true,"href":"http:\/\/optimumbroker.pl\/index.php?rest_route=%2Fwp%2Fv2%2Fcomments&post=338"}],"version-history":[{"count":21,"href":"http:\/\/optimumbroker.pl\/index.php?rest_route=\/wp\/v2\/pages\/338\/revisions"}],"predecessor-version":[{"id":1366,"href":"http:\/\/optimumbroker.pl\/index.php?rest_route=\/wp\/v2\/pages\/338\/revisions\/1366"}],"wp:attachment":[{"href":"http:\/\/optimumbroker.pl\/index.php?rest_route=%2Fwp%2Fv2%2Fmedia&parent=338"}],"curies":[{"name":"wp","href":"https:\/\/api.w.org\/{rel}","templated":true}]}}