{"id":1597,"date":"2023-12-22T13:06:57","date_gmt":"2023-12-22T12:06:57","guid":{"rendered":"http:\/\/optimumbroker.pl\/?page_id=1597"},"modified":"2023-12-22T13:22:56","modified_gmt":"2023-12-22T12:22:56","slug":"badanie-termowizyjne","status":"publish","type":"page","link":"http:\/\/optimumbroker.pl\/?page_id=1597","title":{"rendered":"BADANIE TERMOWIZYJNE"},"content":{"rendered":"\t\t<div data-elementor-type=\"wp-page\" data-elementor-id=\"1597\" class=\"elementor elementor-1597\">\n\t\t\t\t\t\t<section class=\"elementor-section elementor-top-section elementor-element elementor-element-a80813b elementor-section-boxed elementor-section-height-default elementor-section-height-default\" data-id=\"a80813b\" data-element_type=\"section\">\n\t\t\t\t\t\t<div class=\"elementor-container elementor-column-gap-default\">\n\t\t\t\t\t<div class=\"elementor-column elementor-col-100 elementor-top-column elementor-element elementor-element-54591b9\" data-id=\"54591b9\" data-element_type=\"column\">\n\t\t\t<div class=\"elementor-widget-wrap elementor-element-populated\">\n\t\t\t\t\t\t<div class=\"elementor-element elementor-element-84180b2 elementor-widget elementor-widget-image\" data-id=\"84180b2\" data-element_type=\"widget\" data-widget_type=\"image.default\">\n\t\t\t\t<div class=\"elementor-widget-container\">\n\t\t\t\t\t\t\t\t\t\t\t\t\t\t\t<img decoding=\"async\" width=\"300\" height=\"156\" src=\"http:\/\/optimumbroker.pl\/wp-content\/uploads\/2019\/01\/broker-optimum_-2-300x156.jpg\" class=\"attachment-medium size-medium wp-image-1067\" alt=\"\" srcset=\"http:\/\/optimumbroker.pl\/wp-content\/uploads\/2019\/01\/broker-optimum_-2-300x156.jpg 300w, http:\/\/optimumbroker.pl\/wp-content\/uploads\/2019\/01\/broker-optimum_-2-768x400.jpg 768w, http:\/\/optimumbroker.pl\/wp-content\/uploads\/2019\/01\/broker-optimum_-2.jpg 999w\" sizes=\"(max-width: 300px) 100vw, 300px\" \/>\t\t\t\t\t\t\t\t\t\t\t\t\t\t\t<\/div>\n\t\t\t\t<\/div>\n\t\t\t\t\t<\/div>\n\t\t<\/div>\n\t\t\t\t\t<\/div>\n\t\t<\/section>\n\t\t\t\t<section class=\"elementor-section elementor-top-section elementor-element elementor-element-9cc42b3 elementor-section-boxed elementor-section-height-default elementor-section-height-default\" data-id=\"9cc42b3\" data-element_type=\"section\">\n\t\t\t\t\t\t<div class=\"elementor-container elementor-column-gap-default\">\n\t\t\t\t\t<div class=\"elementor-column elementor-col-100 elementor-top-column elementor-element elementor-element-8123c93\" data-id=\"8123c93\" data-element_type=\"column\">\n\t\t\t<div class=\"elementor-widget-wrap\">\n\t\t\t\t\t\t\t<\/div>\n\t\t<\/div>\n\t\t\t\t\t<\/div>\n\t\t<\/section>\n\t\t\t\t<section class=\"elementor-section elementor-top-section elementor-element elementor-element-1852e0b elementor-section-boxed elementor-section-height-default elementor-section-height-default\" data-id=\"1852e0b\" data-element_type=\"section\">\n\t\t\t\t\t\t<div class=\"elementor-container elementor-column-gap-default\">\n\t\t\t\t\t<div class=\"elementor-column elementor-col-100 elementor-top-column elementor-element elementor-element-19a1bc9\" data-id=\"19a1bc9\" data-element_type=\"column\">\n\t\t\t<div class=\"elementor-widget-wrap elementor-element-populated\">\n\t\t\t\t\t\t<div class=\"elementor-element elementor-element-d72f8fb elementor-widget elementor-widget-heading\" data-id=\"d72f8fb\" data-element_type=\"widget\" data-widget_type=\"heading.default\">\n\t\t\t\t<div class=\"elementor-widget-container\">\n\t\t\t\t\t<h2 class=\"elementor-heading-title elementor-size-default\">BADANIE KAMER\u0104 TERMOWIZYJN\u0104 ZAK\u0141AD\u00d3W PRODUKCYJNYCH I MAGAZYN\u00d3W<\/h2>\t\t\t\t<\/div>\n\t\t\t\t<\/div>\n\t\t\t\t\t<\/div>\n\t\t<\/div>\n\t\t\t\t\t<\/div>\n\t\t<\/section>\n\t\t\t\t<section class=\"elementor-section elementor-top-section elementor-element elementor-element-4ce7db1 elementor-section-boxed elementor-section-height-default elementor-section-height-default\" data-id=\"4ce7db1\" data-element_type=\"section\">\n\t\t\t\t\t\t<div class=\"elementor-container elementor-column-gap-default\">\n\t\t\t\t\t<div class=\"elementor-column elementor-col-33 elementor-top-column elementor-element elementor-element-cccd401\" data-id=\"cccd401\" data-element_type=\"column\">\n\t\t\t<div class=\"elementor-widget-wrap elementor-element-populated\">\n\t\t\t\t\t\t<div class=\"elementor-element elementor-element-a14a74e elementor-widget elementor-widget-text-editor\" data-id=\"a14a74e\" data-element_type=\"widget\" data-widget_type=\"text-editor.default\">\n\t\t\t\t<div class=\"elementor-widget-container\">\n\t\t\t\t\t\t\t\t\t<p><strong>BADANIE TERMOWIZYJNE JAKO WYM\u00d3G UBEZPIECZYCIELA<\/strong><\/p><p>Zak\u0142ady ubezpiecze\u0144 coraz cz\u0119\u015bciej wymagaj\u0105 regularnych bada\u0144 termowizyjnych w zak\u0142adach produkcyjnych oraz w magazynach, aby zaanga\u017cowa\u0107 swojego ubezpieczonego w ograniczenie ryzyka po\u017carowego. Ubezpieczyciele przeprowadzaj\u0105 tzw. lustracje w celu zbadania potencjalnych ryzyk z danym zak\u0142adzie. Jednym z najcz\u0119\u015bciej powracaj\u0105cych temat\u00f3w s\u0105 zabezpieczenia przeciwpo\u017carowe oraz prewencja z tym zwi\u0105zana.<\/p><p>Przeprowadzenie badania termowizyjnego jest jedn\u0105 z najlepszych prewencyjnych metod zabezpieczenia przed po\u017carem powsta\u0142ym na skutek wadliwej instalacji eklektycznej.<\/p><p>Polskie normy nie definiuj\u0105 warto\u015bci pomiarowych, natomiast powszechnie ubezpieczyciele przyjmuj\u0105 niemiecki standard VdS, kt\u00f3ry wskazuje wytyczne jakie nale\u017cy wzi\u0105\u0107 pod uwag\u0119 przy badaniu. Badanie kamer\u0105 termowizyjn\u0105 nie tylko dla Towarzystwa Ubezpieczeniowego.<\/p>\t\t\t\t\t\t\t\t<\/div>\n\t\t\t\t<\/div>\n\t\t\t\t\t<\/div>\n\t\t<\/div>\n\t\t\t\t<div class=\"elementor-column elementor-col-33 elementor-top-column elementor-element elementor-element-0c6c996\" data-id=\"0c6c996\" data-element_type=\"column\">\n\t\t\t<div class=\"elementor-widget-wrap\">\n\t\t\t\t\t\t\t<\/div>\n\t\t<\/div>\n\t\t\t\t<div class=\"elementor-column elementor-col-33 elementor-top-column elementor-element elementor-element-4e27f2d\" data-id=\"4e27f2d\" data-element_type=\"column\">\n\t\t\t<div class=\"elementor-widget-wrap elementor-element-populated\">\n\t\t\t\t\t\t<div class=\"elementor-element elementor-element-a223ea4 elementor-widget elementor-widget-text-editor\" data-id=\"a223ea4\" data-element_type=\"widget\" data-widget_type=\"text-editor.default\">\n\t\t\t\t<div class=\"elementor-widget-container\">\n\t\t\t\t\t\t\t\t\t<p>Oferujemy <strong>KOMPLEKSOWY AUDYT KAMER\u0104 TERMOWIZYJN\u0104<\/strong> obejmuj\u0105cy przegl\u0105d instalacji na terenie zak\u0142adu, w celu oceny bezpiecze\u0144stwa instalacji.<\/p><p>Kamera pozwala na szczeg\u00f3\u0142owe badanie termowizyjne i sporz\u0105dzenie czytelnych termograf\u00f3w, wykrywa potencjalne \u017ar\u00f3d\u0142o zagro\u017ce\u0144, dzi\u0119ki czemu mo\u017cna reagowa\u0107 przed szkod\u0105.<\/p><p>In\u017cynier dokonuj\u0105cy badania kamer\u0105 termowizyjn\u0105 we wsp\u00f3\u0142pracy z brokerem ubezpieczeniowym przygotuj\u0105 audyt, dzi\u0119ki kt\u00f3remu poznaj\u0105 Pa\u0144stwo obszar najwi\u0119kszego ryzyka, w celu eliminacji potencjalnych zagro\u017ce\u0144 i minimalizacji ryzyka.<\/p><p>W raporcie znajdzie si\u0119 informacja o podstawowej konstrukcji budynku oraz o rozmieszczeniu instalacji elektrycznej.<\/p><p>Kamera zobrazuje przegl\u0105d instalacji elektrycznej w waszym zak\u0142adzie, produkcj\u0119, magazyny, trafostacje, kot\u0142ownie, cz\u0119\u015b\u0107 socjaln\u0105 i inne miejsca.<\/p>\t\t\t\t\t\t\t\t<\/div>\n\t\t\t\t<\/div>\n\t\t\t\t\t<\/div>\n\t\t<\/div>\n\t\t\t\t\t<\/div>\n\t\t<\/section>\n\t\t\t\t<section class=\"elementor-section elementor-top-section elementor-element elementor-element-c41a8ee elementor-section-boxed elementor-section-height-default elementor-section-height-default\" data-id=\"c41a8ee\" data-element_type=\"section\">\n\t\t\t\t\t\t<div class=\"elementor-container elementor-column-gap-default\">\n\t\t\t\t\t<div class=\"elementor-column elementor-col-33 elementor-top-column elementor-element elementor-element-5c4b797\" data-id=\"5c4b797\" data-element_type=\"column\">\n\t\t\t<div class=\"elementor-widget-wrap elementor-element-populated\">\n\t\t\t\t\t\t<div class=\"elementor-element elementor-element-80cccee elementor-widget elementor-widget-text-editor\" data-id=\"80cccee\" data-element_type=\"widget\" data-widget_type=\"text-editor.default\">\n\t\t\t\t<div class=\"elementor-widget-container\">\n\t\t\t\t\t\t\t\t\t<p>Najcz\u0119stsz\u0105 przyczyn\u0105 po\u017car\u00f3w jest wadliwa instalacja elektryczna.<\/p><p><strong>Najlepsz\u0105 metod\u0105 badania instalacji jest<\/strong> <strong>technologia termowizyjna.<\/strong><\/p><p>Prewencyjne stosowanie bada\u0144 termowizyjnych w znacznym stopniu ogranicza ryzyko wyst\u0105pienia po\u017caru i wybuchu w zak\u0142adach produkcyjno-magazynowych.<\/p><p>Uszkodzenie instalacji elektrycznej mo\u017ce nie tylko doprowadzi\u0107 do najgorszej szkody w postaci po\u017caru, ale i mo\u017ce spowodowa\u0107 zatrzymanie si\u0119 linii produkcyjnej skutkuj\u0105cej powa\u017cn\u0105 awari\u0105 maszyn, co w konsekwencji mo\u017ce doprowadzi\u0107 do utraty zysku.<\/p>\t\t\t\t\t\t\t\t<\/div>\n\t\t\t\t<\/div>\n\t\t\t\t\t<\/div>\n\t\t<\/div>\n\t\t\t\t<div class=\"elementor-column elementor-col-33 elementor-top-column elementor-element elementor-element-2f3b056\" data-id=\"2f3b056\" data-element_type=\"column\">\n\t\t\t<div class=\"elementor-widget-wrap\">\n\t\t\t\t\t\t\t<\/div>\n\t\t<\/div>\n\t\t\t\t<div class=\"elementor-column elementor-col-33 elementor-top-column elementor-element elementor-element-11a6c4f\" data-id=\"11a6c4f\" data-element_type=\"column\">\n\t\t\t<div class=\"elementor-widget-wrap elementor-element-populated\">\n\t\t\t\t\t\t<div class=\"elementor-element elementor-element-f53a21c elementor-widget elementor-widget-text-editor\" data-id=\"f53a21c\" data-element_type=\"widget\" data-widget_type=\"text-editor.default\">\n\t\t\t\t<div class=\"elementor-widget-container\">\n\t\t\t\t\t\t\t\t\t<p>Zastosowanie termowizji:<\/p><ul><li>Kamera zobrazuje przegl\u0105d instalacji elektrycznej w waszym zak\u0142adzie, produkcj\u0119, magazyny, trafostacje, kot\u0142ownie, cz\u0119\u015b\u0107 socjaln\u0105 i inne miejsca<\/li><li>Identyfikowanie i obrazowanie obszar\u00f3w o potencjalnym zagro\u017ceniu po\u017carem &#8211; instalacji elektrycznej, transformator\u00f3w, przeka\u017anik\u00f3w i bezpiecznik\u00f3w<\/li><li>Wykrywanie wad np. wady spaw\u00f3w, wycieki ciep\u0142a czy nier\u00f3wnomierne rozprowadzenie ciep\u0142a<\/li><li>Diagnostyka stanu maszyn i urz\u0105dze\u0144 w celu ustalenia przyczyny przed wyst\u0105pieniem powa\u017cniejszych skutk\u00f3w<\/li><li>Wykrywanie mostk\u00f3w termicznych, nieszczelno\u015bci w izolacji termicznej, wilgoci czy problem\u00f3w z instalacjami elektrycznymi<\/li><\/ul><p>Rekomendujemy, aby diagnostyk\u0119 termowizyjn\u0105 ze wzgl\u0119du na szybko\u015b\u0107 i szerokie spektrum pomiaru przeprowadza\u0107 co najmniej raz w roku dla kluczowych urz\u0105dze\u0144, maszyn, silnik\u00f3w elektrycznych, rozdzielni pr\u0105dowych itp.<\/p>\t\t\t\t\t\t\t\t<\/div>\n\t\t\t\t<\/div>\n\t\t\t\t\t<\/div>\n\t\t<\/div>\n\t\t\t\t\t<\/div>\n\t\t<\/section>\n\t\t\t\t<section class=\"elementor-section elementor-top-section elementor-element elementor-element-c1ab009 elementor-section-boxed elementor-section-height-default elementor-section-height-default\" data-id=\"c1ab009\" data-element_type=\"section\">\n\t\t\t\t\t\t<div class=\"elementor-container elementor-column-gap-default\">\n\t\t\t\t\t<div class=\"elementor-column elementor-col-50 elementor-top-column elementor-element elementor-element-4b4fe37\" data-id=\"4b4fe37\" data-element_type=\"column\">\n\t\t\t<div class=\"elementor-widget-wrap elementor-element-populated\">\n\t\t\t\t\t\t<div class=\"elementor-element elementor-element-235a18b elementor-widget elementor-widget-text-editor\" data-id=\"235a18b\" data-element_type=\"widget\" data-widget_type=\"text-editor.default\">\n\t\t\t\t<div class=\"elementor-widget-container\">\n\t\t\t\t\t\t\t\t\t<p>Zalety badania:<\/p><ul><li>Pomiar termowizyjny przeprowadza si\u0119 na odleg\u0142o\u015b\u0107, bez konieczno\u015bci bezpo\u015bredniego kontaktu z obiektem, jest bezinwazyjny<\/li><li>Pomiar termowizyjny jest bardzo szybki i efektywny. Mo\u017cna przeprowadzi\u0107 skanowanie wielu obszar\u00f3w w kr\u00f3tkim czasie, co pozwala na szybkie wykrycie ewentualnych nieprawid\u0142owo\u015bci<\/li><li>Pomiar termowizyjny umo\u017cliwia wykrywanie wad, kt\u00f3re s\u0105 niewidoczne go\u0142ym okiem, takich jak nieszczelno\u015bci, wycieki ciep\u0142a czy uszkodzenia strukturalne<\/li><li>Obrazy termiczne s\u0105 czytelne i \u0142atwe do interpretacji. Wyra\u017anie pokazuj\u0105 rozk\u0142ad temperatury na obiekcie, umo\u017cliwiaj\u0105c precyzyjne zlokalizowanie obszar\u00f3w o wysokiej lub niskiej temperaturze<\/li><\/ul>\t\t\t\t\t\t\t\t<\/div>\n\t\t\t\t<\/div>\n\t\t\t\t\t<\/div>\n\t\t<\/div>\n\t\t\t\t<div class=\"elementor-column elementor-col-50 elementor-top-column elementor-element elementor-element-b51ab84\" data-id=\"b51ab84\" data-element_type=\"column\">\n\t\t\t<div class=\"elementor-widget-wrap elementor-element-populated\">\n\t\t\t\t\t\t<div class=\"elementor-element elementor-element-585acf7 elementor-widget elementor-widget-image\" data-id=\"585acf7\" data-element_type=\"widget\" data-widget_type=\"image.default\">\n\t\t\t\t<div class=\"elementor-widget-container\">\n\t\t\t\t\t\t\t\t\t\t\t\t\t\t\t<img fetchpriority=\"high\" decoding=\"async\" width=\"640\" height=\"480\" src=\"http:\/\/optimumbroker.pl\/wp-content\/uploads\/2023\/12\/fotoPiotr.jpg\" class=\"attachment-large size-large wp-image-1607\" alt=\"\" srcset=\"http:\/\/optimumbroker.pl\/wp-content\/uploads\/2023\/12\/fotoPiotr.jpg 640w, http:\/\/optimumbroker.pl\/wp-content\/uploads\/2023\/12\/fotoPiotr-300x225.jpg 300w\" sizes=\"(max-width: 640px) 100vw, 640px\" \/>\t\t\t\t\t\t\t\t\t\t\t\t\t\t\t<\/div>\n\t\t\t\t<\/div>\n\t\t\t\t\t<\/div>\n\t\t<\/div>\n\t\t\t\t\t<\/div>\n\t\t<\/section>\n\t\t\t\t<\/div>\n\t\t","protected":false},"excerpt":{"rendered":"<p>BADANIE KAMER\u0104 TERMOWIZYJN\u0104 ZAK\u0141AD\u00d3W PRODUKCYJNYCH I MAGAZYN\u00d3W BADANIE TERMOWIZYJNE JAKO WYM\u00d3G UBEZPIECZYCIELA Zak\u0142ady ubezpiecze\u0144 coraz cz\u0119\u015bciej wymagaj\u0105 regularnych bada\u0144 termowizyjnych w zak\u0142adach produkcyjnych oraz w magazynach, aby zaanga\u017cowa\u0107 swojego ubezpieczonego w ograniczenie ryzyka po\u017carowego. Ubezpieczyciele przeprowadzaj\u0105 tzw. lustracje w celu zbadania potencjalnych ryzyk z danym zak\u0142adzie. Jednym z najcz\u0119\u015bciej powracaj\u0105cych temat\u00f3w s\u0105 zabezpieczenia przeciwpo\u017carowe oraz [&hellip;]<\/p>\n","protected":false},"author":1,"featured_media":0,"parent":0,"menu_order":0,"comment_status":"closed","ping_status":"closed","template":"","meta":{"ocean_post_layout":"full-screen","ocean_both_sidebars_style":"","ocean_both_sidebars_content_width":0,"ocean_both_sidebars_sidebars_width":0,"ocean_sidebar":"0","ocean_second_sidebar":"0","ocean_disable_margins":"enable","ocean_add_body_class":"","ocean_shortcode_before_top_bar":"","ocean_shortcode_after_top_bar":"","ocean_shortcode_before_header":"","ocean_shortcode_after_header":"","ocean_has_shortcode":"","ocean_shortcode_after_title":"","ocean_shortcode_before_footer_widgets":"","ocean_shortcode_after_footer_widgets":"","ocean_shortcode_before_footer_bottom":"","ocean_shortcode_after_footer_bottom":"","ocean_display_top_bar":"off","ocean_display_header":"on","ocean_header_style":"","ocean_center_header_left_menu":"0","ocean_custom_header_template":"0","ocean_custom_logo":0,"ocean_custom_retina_logo":0,"ocean_custom_logo_max_width":0,"ocean_custom_logo_tablet_max_width":0,"ocean_custom_logo_mobile_max_width":0,"ocean_custom_logo_max_height":0,"ocean_custom_logo_tablet_max_height":0,"ocean_custom_logo_mobile_max_height":0,"ocean_header_custom_menu":"0","ocean_menu_typo_font_family":"0","ocean_menu_typo_font_subset":"","ocean_menu_typo_font_size":0,"ocean_menu_typo_font_size_tablet":0,"ocean_menu_typo_font_size_mobile":0,"ocean_menu_typo_font_size_unit":"px","ocean_menu_typo_font_weight":"","ocean_menu_typo_font_weight_tablet":"","ocean_menu_typo_font_weight_mobile":"","ocean_menu_typo_transform":"","ocean_menu_typo_transform_tablet":"","ocean_menu_typo_transform_mobile":"","ocean_menu_typo_line_height":0,"ocean_menu_typo_line_height_tablet":0,"ocean_menu_typo_line_height_mobile":0,"ocean_menu_typo_line_height_unit":"","ocean_menu_typo_spacing":0,"ocean_menu_typo_spacing_tablet":0,"ocean_menu_typo_spacing_mobile":0,"ocean_menu_typo_spacing_unit":"","ocean_menu_link_color":"","ocean_menu_link_color_hover":"","ocean_menu_link_color_active":"","ocean_menu_link_background":"","ocean_menu_link_hover_background":"","ocean_menu_link_active_background":"","ocean_menu_social_links_bg":"","ocean_menu_social_hover_links_bg":"","ocean_menu_social_links_color":"","ocean_menu_social_hover_links_color":"","ocean_disable_title":"on","ocean_disable_heading":"default","ocean_post_title":"","ocean_post_subheading":"","ocean_post_title_style":"","ocean_post_title_background_color":"","ocean_post_title_background":0,"ocean_post_title_bg_image_position":"","ocean_post_title_bg_image_attachment":"","ocean_post_title_bg_image_repeat":"","ocean_post_title_bg_image_size":"","ocean_post_title_height":0,"ocean_post_title_bg_overlay":0.5,"ocean_post_title_bg_overlay_color":"","ocean_disable_breadcrumbs":"default","ocean_breadcrumbs_color":"","ocean_breadcrumbs_separator_color":"","ocean_breadcrumbs_links_color":"","ocean_breadcrumbs_links_hover_color":"","ocean_display_footer_widgets":"default","ocean_display_footer_bottom":"default","ocean_custom_footer_template":"0","footnotes":""},"class_list":["post-1597","page","type-page","status-publish","hentry","entry"],"yoast_head":"<!-- This site is optimized with the Yoast SEO plugin v25.5 - https:\/\/yoast.com\/wordpress\/plugins\/seo\/ -->\n<title>BADANIE TERMOWIZYJNE - Ubezpieczenie przedsi\u0119biorstw. Firma bez ryzyka. Zabezpieczenie mienia i OC dzia\u0142alno\u015bci.<\/title>\n<meta name=\"robots\" content=\"index, follow, max-snippet:-1, max-image-preview:large, max-video-preview:-1\" \/>\n<link rel=\"canonical\" href=\"https:\/\/optimumbroker.pl\/?page_id=1597\" \/>\n<meta property=\"og:locale\" content=\"pl_PL\" \/>\n<meta property=\"og:type\" content=\"article\" \/>\n<meta property=\"og:title\" content=\"BADANIE TERMOWIZYJNE - Ubezpieczenie przedsi\u0119biorstw. Firma bez ryzyka. Zabezpieczenie mienia i OC dzia\u0142alno\u015bci.\" \/>\n<meta property=\"og:description\" content=\"BADANIE KAMER\u0104 TERMOWIZYJN\u0104 ZAK\u0141AD\u00d3W PRODUKCYJNYCH I MAGAZYN\u00d3W BADANIE TERMOWIZYJNE JAKO WYM\u00d3G UBEZPIECZYCIELA Zak\u0142ady ubezpiecze\u0144 coraz cz\u0119\u015bciej wymagaj\u0105 regularnych bada\u0144 termowizyjnych w zak\u0142adach produkcyjnych oraz w magazynach, aby zaanga\u017cowa\u0107 swojego ubezpieczonego w ograniczenie ryzyka po\u017carowego. Ubezpieczyciele przeprowadzaj\u0105 tzw. lustracje w celu zbadania potencjalnych ryzyk z danym zak\u0142adzie. Jednym z najcz\u0119\u015bciej powracaj\u0105cych temat\u00f3w s\u0105 zabezpieczenia przeciwpo\u017carowe oraz [&hellip;]\" \/>\n<meta property=\"og:url\" content=\"https:\/\/optimumbroker.pl\/?page_id=1597\" \/>\n<meta property=\"og:site_name\" content=\"Ubezpieczenie przedsi\u0119biorstw. Firma bez ryzyka. Zabezpieczenie mienia i OC dzia\u0142alno\u015bci.\" \/>\n<meta property=\"article:modified_time\" content=\"2023-12-22T12:22:56+00:00\" \/>\n<meta property=\"og:image\" content=\"http:\/\/optimumbroker.pl\/wp-content\/uploads\/2019\/01\/broker-optimum_-2-300x156.jpg\" \/>\n<meta name=\"twitter:card\" content=\"summary_large_image\" \/>\n<meta name=\"twitter:label1\" content=\"Szacowany czas czytania\" \/>\n\t<meta name=\"twitter:data1\" content=\"3 minuty\" \/>\n<script type=\"application\/ld+json\" class=\"yoast-schema-graph\">{\"@context\":\"https:\/\/schema.org\",\"@graph\":[{\"@type\":\"WebPage\",\"@id\":\"https:\/\/optimumbroker.pl\/?page_id=1597\",\"url\":\"https:\/\/optimumbroker.pl\/?page_id=1597\",\"name\":\"BADANIE TERMOWIZYJNE - Ubezpieczenie przedsi\u0119biorstw. Firma bez ryzyka. Zabezpieczenie mienia i OC dzia\u0142alno\u015bci.\",\"isPartOf\":{\"@id\":\"https:\/\/optimumbroker.pl\/#website\"},\"primaryImageOfPage\":{\"@id\":\"https:\/\/optimumbroker.pl\/?page_id=1597#primaryimage\"},\"image\":{\"@id\":\"https:\/\/optimumbroker.pl\/?page_id=1597#primaryimage\"},\"thumbnailUrl\":\"http:\/\/optimumbroker.pl\/wp-content\/uploads\/2019\/01\/broker-optimum_-2-300x156.jpg\",\"datePublished\":\"2023-12-22T12:06:57+00:00\",\"dateModified\":\"2023-12-22T12:22:56+00:00\",\"breadcrumb\":{\"@id\":\"https:\/\/optimumbroker.pl\/?page_id=1597#breadcrumb\"},\"inLanguage\":\"pl-PL\",\"potentialAction\":[{\"@type\":\"ReadAction\",\"target\":[\"https:\/\/optimumbroker.pl\/?page_id=1597\"]}]},{\"@type\":\"ImageObject\",\"inLanguage\":\"pl-PL\",\"@id\":\"https:\/\/optimumbroker.pl\/?page_id=1597#primaryimage\",\"url\":\"http:\/\/optimumbroker.pl\/wp-content\/uploads\/2019\/01\/broker-optimum_-2.jpg\",\"contentUrl\":\"http:\/\/optimumbroker.pl\/wp-content\/uploads\/2019\/01\/broker-optimum_-2.jpg\",\"width\":999,\"height\":520},{\"@type\":\"BreadcrumbList\",\"@id\":\"https:\/\/optimumbroker.pl\/?page_id=1597#breadcrumb\",\"itemListElement\":[{\"@type\":\"ListItem\",\"position\":1,\"name\":\"Strona g\u0142\u00f3wna\",\"item\":\"https:\/\/optimumbroker.pl\/\"},{\"@type\":\"ListItem\",\"position\":2,\"name\":\"BADANIE TERMOWIZYJNE\"}]},{\"@type\":\"WebSite\",\"@id\":\"https:\/\/optimumbroker.pl\/#website\",\"url\":\"https:\/\/optimumbroker.pl\/\",\"name\":\"Ubezpieczenie przedsi\u0119biorstw. Firma bez ryzyka. Zabezpieczenie mienia i OC dzia\u0142alno\u015bci.\",\"description\":\"Ubezpieczenie przedsi\u0119biorstw. Firma bez ryzyka. Zabezpieczenie mienia i OC dzia\u0142alno\u015bci.\",\"potentialAction\":[{\"@type\":\"SearchAction\",\"target\":{\"@type\":\"EntryPoint\",\"urlTemplate\":\"https:\/\/optimumbroker.pl\/?s={search_term_string}\"},\"query-input\":{\"@type\":\"PropertyValueSpecification\",\"valueRequired\":true,\"valueName\":\"search_term_string\"}}],\"inLanguage\":\"pl-PL\"}]}<\/script>\n<!-- \/ Yoast SEO plugin. -->","yoast_head_json":{"title":"BADANIE TERMOWIZYJNE - Ubezpieczenie przedsi\u0119biorstw. Firma bez ryzyka. Zabezpieczenie mienia i OC dzia\u0142alno\u015bci.","robots":{"index":"index","follow":"follow","max-snippet":"max-snippet:-1","max-image-preview":"max-image-preview:large","max-video-preview":"max-video-preview:-1"},"canonical":"https:\/\/optimumbroker.pl\/?page_id=1597","og_locale":"pl_PL","og_type":"article","og_title":"BADANIE TERMOWIZYJNE - Ubezpieczenie przedsi\u0119biorstw. Firma bez ryzyka. Zabezpieczenie mienia i OC dzia\u0142alno\u015bci.","og_description":"BADANIE KAMER\u0104 TERMOWIZYJN\u0104 ZAK\u0141AD\u00d3W PRODUKCYJNYCH I MAGAZYN\u00d3W BADANIE TERMOWIZYJNE JAKO WYM\u00d3G UBEZPIECZYCIELA Zak\u0142ady ubezpiecze\u0144 coraz cz\u0119\u015bciej wymagaj\u0105 regularnych bada\u0144 termowizyjnych w zak\u0142adach produkcyjnych oraz w magazynach, aby zaanga\u017cowa\u0107 swojego ubezpieczonego w ograniczenie ryzyka po\u017carowego. Ubezpieczyciele przeprowadzaj\u0105 tzw. lustracje w celu zbadania potencjalnych ryzyk z danym zak\u0142adzie. Jednym z najcz\u0119\u015bciej powracaj\u0105cych temat\u00f3w s\u0105 zabezpieczenia przeciwpo\u017carowe oraz [&hellip;]","og_url":"https:\/\/optimumbroker.pl\/?page_id=1597","og_site_name":"Ubezpieczenie przedsi\u0119biorstw. Firma bez ryzyka. Zabezpieczenie mienia i OC dzia\u0142alno\u015bci.","article_modified_time":"2023-12-22T12:22:56+00:00","og_image":[{"url":"http:\/\/optimumbroker.pl\/wp-content\/uploads\/2019\/01\/broker-optimum_-2-300x156.jpg","type":"","width":"","height":""}],"twitter_card":"summary_large_image","twitter_misc":{"Szacowany czas czytania":"3 minuty"},"schema":{"@context":"https:\/\/schema.org","@graph":[{"@type":"WebPage","@id":"https:\/\/optimumbroker.pl\/?page_id=1597","url":"https:\/\/optimumbroker.pl\/?page_id=1597","name":"BADANIE TERMOWIZYJNE - Ubezpieczenie przedsi\u0119biorstw. Firma bez ryzyka. Zabezpieczenie mienia i OC dzia\u0142alno\u015bci.","isPartOf":{"@id":"https:\/\/optimumbroker.pl\/#website"},"primaryImageOfPage":{"@id":"https:\/\/optimumbroker.pl\/?page_id=1597#primaryimage"},"image":{"@id":"https:\/\/optimumbroker.pl\/?page_id=1597#primaryimage"},"thumbnailUrl":"http:\/\/optimumbroker.pl\/wp-content\/uploads\/2019\/01\/broker-optimum_-2-300x156.jpg","datePublished":"2023-12-22T12:06:57+00:00","dateModified":"2023-12-22T12:22:56+00:00","breadcrumb":{"@id":"https:\/\/optimumbroker.pl\/?page_id=1597#breadcrumb"},"inLanguage":"pl-PL","potentialAction":[{"@type":"ReadAction","target":["https:\/\/optimumbroker.pl\/?page_id=1597"]}]},{"@type":"ImageObject","inLanguage":"pl-PL","@id":"https:\/\/optimumbroker.pl\/?page_id=1597#primaryimage","url":"http:\/\/optimumbroker.pl\/wp-content\/uploads\/2019\/01\/broker-optimum_-2.jpg","contentUrl":"http:\/\/optimumbroker.pl\/wp-content\/uploads\/2019\/01\/broker-optimum_-2.jpg","width":999,"height":520},{"@type":"BreadcrumbList","@id":"https:\/\/optimumbroker.pl\/?page_id=1597#breadcrumb","itemListElement":[{"@type":"ListItem","position":1,"name":"Strona g\u0142\u00f3wna","item":"https:\/\/optimumbroker.pl\/"},{"@type":"ListItem","position":2,"name":"BADANIE TERMOWIZYJNE"}]},{"@type":"WebSite","@id":"https:\/\/optimumbroker.pl\/#website","url":"https:\/\/optimumbroker.pl\/","name":"Ubezpieczenie przedsi\u0119biorstw. Firma bez ryzyka. Zabezpieczenie mienia i OC dzia\u0142alno\u015bci.","description":"Ubezpieczenie przedsi\u0119biorstw. Firma bez ryzyka. Zabezpieczenie mienia i OC dzia\u0142alno\u015bci.","potentialAction":[{"@type":"SearchAction","target":{"@type":"EntryPoint","urlTemplate":"https:\/\/optimumbroker.pl\/?s={search_term_string}"},"query-input":{"@type":"PropertyValueSpecification","valueRequired":true,"valueName":"search_term_string"}}],"inLanguage":"pl-PL"}]}},"_links":{"self":[{"href":"http:\/\/optimumbroker.pl\/index.php?rest_route=\/wp\/v2\/pages\/1597","targetHints":{"allow":["GET"]}}],"collection":[{"href":"http:\/\/optimumbroker.pl\/index.php?rest_route=\/wp\/v2\/pages"}],"about":[{"href":"http:\/\/optimumbroker.pl\/index.php?rest_route=\/wp\/v2\/types\/page"}],"author":[{"embeddable":true,"href":"http:\/\/optimumbroker.pl\/index.php?rest_route=\/wp\/v2\/users\/1"}],"replies":[{"embeddable":true,"href":"http:\/\/optimumbroker.pl\/index.php?rest_route=%2Fwp%2Fv2%2Fcomments&post=1597"}],"version-history":[{"count":14,"href":"http:\/\/optimumbroker.pl\/index.php?rest_route=\/wp\/v2\/pages\/1597\/revisions"}],"predecessor-version":[{"id":1615,"href":"http:\/\/optimumbroker.pl\/index.php?rest_route=\/wp\/v2\/pages\/1597\/revisions\/1615"}],"wp:attachment":[{"href":"http:\/\/optimumbroker.pl\/index.php?rest_route=%2Fwp%2Fv2%2Fmedia&parent=1597"}],"curies":[{"name":"wp","href":"https:\/\/api.w.org\/{rel}","templated":true}]}}